{"id":25,"date":"2012-01-08T11:26:51","date_gmt":"2012-01-08T16:26:51","guid":{"rendered":"http:\/\/www.ammatte.ca\/?page_id=25"},"modified":"2014-01-08T17:15:29","modified_gmt":"2014-01-08T22:15:29","slug":"inspiration-fr","status":"publish","type":"page","link":"https:\/\/www.ammatte.ca\/?page_id=25","title":{"rendered":"Inspiration"},"content":{"rendered":"<p><strong>La cigale et la fourmi &#8211; la suite<\/strong><\/p>\n<p>A.M. Matte venait de d\u00e9couvrir Jean de La Fontaine lorsqu&rsquo;un devoir scolaire sur le th\u00e8me de &lsquo;La paix&rsquo; l&rsquo;inspira \u00e0 \u00e9crire une fin plus heureuse \u00e0 la fable de La cigale et la fourmi.<\/p>\n<p>Son court texte a \u00e9t\u00e9 publi\u00e9 dans le 4e volume du recueil Jongle et ris des \u00c9ditions du Vermillon. C&rsquo;\u00e9tait sa premi\u00e8re publication et elle avait onze ans.<\/p>\n<p>&nbsp;<\/p>\n<p><strong>Son of Sun<\/strong><\/p>\n<p>Inspir\u00e9e par le th\u00e8me de la lumi\u00e8re, A.M. Matte a \u00e9crit <em>Son of Sun<\/em> \u00e0 l&rsquo;\u00e2ge de douze ans. La nouvelle a m\u00e9rit\u00e9 une \u00e9loge du Commonwealth Essay Competition. Quinze ans plus tard, l&rsquo;\u00e9diteur et auteur Mark Leslie la publiait dans un recueil de science-fiction canadien, <em>North of Infinity II<\/em>.<\/p>\n<p>Le lancement de <em>North of Infinity II<\/em> a eu lieu \u00e0 Bakka-Phoenix Books, Toronto, en juin 2006. <a href=\"https:\/\/plus.google.com\/photos\/109840073371489394197\/albums\/5601745260187216161?banner=pwa\" target=\"_blank\">Photos de l&rsquo;\u00e9v\u00e9nement<\/a>.<\/p>\n<p>&nbsp;<\/p>\n<p><strong>Les murs ont des yeux<\/strong><\/p>\n<p>Son travail en pr\u00e9vention de la violence faite aux femmes a inspir\u00e9 <em>Les murs ont des yeux<\/em>, pi\u00e8ce de th\u00e9\u00e2tre en un acte dans laquelle les t\u00e9moins d&rsquo;actes violents se racontent ce qu&rsquo;ils ont vu.<\/p>\n<p>A.M. Matte a remport\u00e9 le Prix O&rsquo;Neill-Karch 2008 pour cette pi\u00e8ce, qui a \u00e9t\u00e9 mise en lecture en mai 2009 par le Th\u00e9\u00e2tre la Catapulte.<\/p>\n","protected":false},"excerpt":{"rendered":"<p>La cigale et la fourmi &#8211; la suite A.M. Matte venait de d\u00e9couvrir Jean de La Fontaine lorsqu&rsquo;un devoir scolaire sur le th\u00e8me de &lsquo;La paix&rsquo; l&rsquo;inspira \u00e0 \u00e9crire une fin plus heureuse \u00e0 la fable de La cigale et<\/p>\n","protected":false},"author":1,"featured_media":0,"parent":0,"menu_order":0,"comment_status":"open","ping_status":"closed","template":"","meta":{"footnotes":""},"language":[9],"class_list":["post-25","page","type-page","status-publish","hentry","language-fr_ca"],"_links":{"self":[{"href":"https:\/\/www.ammatte.ca\/index.php?rest_route=\/wp\/v2\/pages\/25","targetHints":{"allow":["GET"]}}],"collection":[{"href":"https:\/\/www.ammatte.ca\/index.php?rest_route=\/wp\/v2\/pages"}],"about":[{"href":"https:\/\/www.ammatte.ca\/index.php?rest_route=\/wp\/v2\/types\/page"}],"author":[{"embeddable":true,"href":"https:\/\/www.ammatte.ca\/index.php?rest_route=\/wp\/v2\/users\/1"}],"replies":[{"embeddable":true,"href":"https:\/\/www.ammatte.ca\/index.php?rest_route=%2Fwp%2Fv2%2Fcomments&post=25"}],"version-history":[{"count":11,"href":"https:\/\/www.ammatte.ca\/index.php?rest_route=\/wp\/v2\/pages\/25\/revisions"}],"predecessor-version":[{"id":987,"href":"https:\/\/www.ammatte.ca\/index.php?rest_route=\/wp\/v2\/pages\/25\/revisions\/987"}],"wp:attachment":[{"href":"https:\/\/www.ammatte.ca\/index.php?rest_route=%2Fwp%2Fv2%2Fmedia&parent=25"}],"wp:term":[{"taxonomy":"language","embeddable":true,"href":"https:\/\/www.ammatte.ca\/index.php?rest_route=%2Fwp%2Fv2%2Flanguage&post=25"}],"curies":[{"name":"wp","href":"https:\/\/api.w.org\/{rel}","templated":true}]}}