{"id":22,"date":"2012-01-08T10:27:37","date_gmt":"2012-01-08T15:27:37","guid":{"rendered":"http:\/\/www.ammatte.ca\/?page_id=22"},"modified":"2016-06-20T08:51:11","modified_gmt":"2016-06-20T12:51:11","slug":"critiques","status":"publish","type":"page","link":"https:\/\/www.ammatte.ca\/?page_id=22","title":{"rendered":"Critiques"},"content":{"rendered":"<p><a href=\"https:\/\/www.createspace.com\/4464898\" target=\"_blank\"><strong>Ce que l&rsquo;on divulgue<\/strong><\/a><\/p>\n<p>\u00ab\u00a0Le lecteur prend un malin plaisir \u00e0 voir se tramer le destin de chacun.\u00a0Chose certaine, une fois que survient la chose insoup\u00e7onn\u00e9e, plus rien ne\u00a0sera pareil. \u00bb\u00a0&#8211; Paul Savoie, auteur<\/p>\n<p>\u00ab\u00a0J\u2019ai beaucoup aim\u00e9 ton recueil de nouvelles. Je l\u2019ai d\u00e9vor\u00e9 d\u2019une seule traite et je me souviens avoir particuli\u00e8rement aim\u00e9 le ton, un esp\u00e8ce de regard mordant. F\u00e9licitations et tiens-moi au courant de nouvelles publications!\u00a0\u00bb\u00a0&#8211; Audrey-Maude S., lectrice<\/p>\n<p>\u00ab\u00a0<span style=\"line-height: 24px;\">C&rsquo;\u00e9tait super bon!!! Ma [nouvelle] pr\u00e9f\u00e9r\u00e9e \u00e9tait\u00a0<\/span><i style=\"line-height: 24px;\">Sur le seuil<\/i><span style=\"line-height: 24px;\">. J&rsquo;en aurais voulu plus.<\/span>\u00a0\u00bb \u00a0 \u00a0 \u00a0\u00a0&#8211; Michel-Oliver M., lecteur<\/p>\n<p>\u00ab\u00a0Je suis rendue presqu\u2019\u00e0 la fin de ton beau livre que j\u2019aime beaucoup. J\u2019adore les &lsquo;croquis&rsquo; des vies diverses que tu dessines avec tant de talent!\u00a0\u00bb &#8211; Soojin Y., lectrice<\/p>\n<p>&nbsp;<\/p>\n<p><a href=\"https:\/\/www.createspace.com\/4450545\" target=\"_blank\"><strong>Where Pigeons Roost<\/strong><\/a><\/p>\n<p>\u00ab\u00a0Et bien, j\u2019ai lu ta premi\u00e8re histoire [Ab\u00eeme] et je l\u2019ai bien aim\u00e9e. L\u2019histoire progresse bien et c\u2019est tr\u00e8s bien \u00e9crit. Bravo!\u00a0\u00bb\u00a0&#8211; Genevi\u00e8ve B., lectrice<\/p>\n<p>\u00ab\u00a0That was quite good. Thanks!\u00a0\u00bb &#8211; Judy G., lectrice<\/p>\n<p>&nbsp;<\/p>\n<p><strong>Ab\u00eeme<\/strong> &#8211; dans la revue litt\u00e9raire <em>Virages<\/em><\/p>\n<p>\u00ab\u00a0Une nouvelliste, A.M. Matte, nous offre dans ce num\u00e9ro un exemple de la mise en abyme, proc\u00e9d\u00e9 qui place \u00e0 l\u2019int\u00e9rieur du r\u00e9cit principal un autre r\u00e9cit qui reprend plus ou moins le premier. Le proc\u00e9d\u00e9 risque de donner le tournis au lecteur qui parfois ne sait plus qui parle.\u00a0\u00bb \u2013 Marguerite Andersen<\/p>\n<p>\u00ab\u00a0Matte campe une femme prise entre deux rues, deux hommes, deux passions.\u00a0\u00bb \u2013 Paul-Fran\u00e7ois Sylvestre<\/p>\n<p>&nbsp;<\/p>\n<p><strong>A Treat<\/strong>\u00a0(in\u00a0<em>Voices 2013<\/em>)<\/p>\n<p>\u00ab\u00a0Loved your short story &lsquo;A Treat&rsquo;!<\/p>\n<p>I wanted to tell you how much I enjoyed your reading at the [Voices 2013 anthology] launch; I have read and re-read your lovely story several times, and I love them. I have a long personal history of banana split theft, both overt and covert, so it was easy to identify with Naya, and, of course Midge could easily be one (or maybe both) of my sisters.\u00a0I did enjoy your story and your great reading of it.\u00a0\u00bb &#8211; Hugh J.<\/p>\n<p>&nbsp;<\/p>\n<p><strong>Meurtre litt\u00e9raire<\/strong><\/p>\n<p>\u00ab\u00a0Au fur et \u00e0 mesure que la pi\u00e8ce avance, on prend plaisir \u00e0 tendre des perches \u00e0 ses camarades de jeu, \u00e0 faire rire par une ou deux boutades bien senties. On sort de la biblioth\u00e8que, sourire aux l\u00e8vres &#8230; improvisation interactive, un concept plein d\u2019avenir!\u00a0\u00bb \u00a0 \u00a0&#8211; Rapha\u00ebl Lopoukhine, Le M\u00e9tropolitain<\/p>\n<p><a href=\"http:\/\/www.lemetropolitain.com\/nouvelles.asp?jID=1&amp;nID=15839\" target=\"_blank\">Lire l&rsquo;article<\/a><\/p>\n<p>\u00ab Le rire est de la partie du d\u00e9but \u00e0 la fin.\u00a0\u00bb &#8211; Christiane Beaupr\u00e9, Le M\u00e9tropolitain<\/p>\n<p><a href=\"http:\/\/www.lemetropolitain.com\/nouvelles.asp?nID=16905\">Lire l&rsquo;article<\/a><\/p>\n<p>&nbsp;<\/p>\n<p><strong>Conversations<\/strong><\/p>\n<p>\u00ab un esprit tr\u00e8s, tr\u00e8s jeune, rafra\u00eechissant, mais je pense que tout le monde peut y apprendre un petit quelque chose \u2026 trait\u00e9s avec beaucoup d\u2019humour, d\u2019intelligence et d\u2019honn\u00eatet\u00e9. \u00bb &#8211; M\u00e9lanie Riendeau, Radio-Canada<\/p>\n<p>&nbsp;<\/p>\n<p><strong><a href=\"http:\/\/www.tangentonline.com\/print--other-reviewsmenu-263\/anthologies-reviewsmenu-107\/909-north-of-infinity-ii-edited-by-mark-leslie\" target=\"_blank\">Son of Sun \u2013 North of Infinity II<\/a><\/strong><\/p>\n<p>\u201cIt\u2019s a deceptively simple story about early humanoids and one of their major discoveries. I won\u2019t say what the protagonist discovers because part of this story\u2019s joy is the first-person way in which it immerses you in the animistic, magical thinking of the protagonist and her people. \u201cSon of Sun\u201d balances Promethean themes of myth (there, I just gave you another clue) with the decidedly personal as it shows how the heroine\u2019s intelligence and creative thinking lead to great benefit for her tribe. Though it refers to psychic powers and though it\u2019s highly speculative, \u201cSon of Sun\u201d rings convincing and true, and that\u2019s why I deem it best of the book.\u201d \u2013 Elizabeth A. Allen, Tangent Online<\/p>\n<p>&nbsp;<\/p>\n<p><strong>Intol\u00e9rance au velours<\/strong><\/p>\n<p>Pi\u00e8ce que CBC Radio a qualifi\u00e9e de \u00ab extremely courageous \u00bb. &#8211; Alvina Ruprecht, CBC Radio<\/p>\n<p>&nbsp;<\/p>\n<p><strong>First Cool of Summer<\/strong><\/p>\n<p>\u00ab First Cool of Summer \u00bb a eu beaucoup de charme et a \u00e9t\u00e9 distingu\u00e9 par son succ\u00e8s. Les jeunes auteurs tendent \u00e0 \u00e9crire et ressentir excessivement leurs \u00e9motions et leurs pens\u00e9es.\u00a0 \u00ab First Cool of Summer \u00bb avait un air observateur, \u00e9tait sinc\u00e8re aux personnages et aux situations. C\u2019\u00e9tait du bon th\u00e9\u00e2tre qui valait la peine d\u2019\u00eatre vu. \u2013 Clive Doucet, Conseiller de la ville d\u2019Ottawa<\/p>\n<p><a href=\"http:\/\/ammatte.ca\/sgc\/documents\/critiqueFirstCool-francais.pdf\" target=\"_blank\">Lire la lettre<\/a><\/p>\n<p>&nbsp;<\/p>\n<p><strong>Les fourberies de Moli\u00e8re ou Le Moli\u00e8re imaginaire<\/strong><\/p>\n<p>\u00ab Les spectateurs ont savour\u00e9 les talents de la distribution\u2026 \u00bb<\/p>\n<p>\u00ab \u2026j&rsquo;ai ador\u00e9 cette production &#8230;je l&rsquo;ai vu deux fois \u2026BRAVO! \u00bb<\/p>\n<p>\u00ab une prestation \u00e9poustouflante digne des plus grands th\u00e9\u00e2tres \u00bb<\/p>\n<p>\u00ab un franc succ\u00e8s \u00bb<\/p>\n<p>&#8211; L&rsquo;Express de Toronto\u00a0\u00a0 <a href=\"http:\/\/www.lexpress.to\/archives\/2997\/\" target=\"_blank\">Lire l&rsquo;article<\/a><\/p>\n<p>&#8211; Le M\u00e9tropolitain\u00a0\u00a0 <a href=\"http:\/\/www.lemetropolitain.com\/nouvelles.asp?nID=11590\" target=\"_blank\">Lire l&rsquo;article<\/a><\/p>\n<p>&nbsp;<\/p>\n<p><strong>La Reine a cass\u00e9 sa pipe<\/strong><\/p>\n<p>\u00ab toujours \u00e9loquente et tr\u00e8s bien adapt\u00e9e &#8230; spectacle r\u00e9ussi \u00bb<\/p>\n<p>&#8211; Jos\u00e9e Brodeur, Liaison<\/p>\n<p><a href=\"http:\/\/www.erudit.org\/culture\/liaison1076624\/liaison1117841\/41348ac.pdf\" target=\"_blank\">Lire l&rsquo;article<\/a><\/p>\n<p>&nbsp;<\/p>\n<p><strong>Slipping Mind<\/strong><\/p>\n<p>Quelques commentaires re\u00e7us des spectateurs suite aux repr\u00e9sentations de cette pi\u00e8ce solo:<\/p>\n<p>\u201cWe admire [the playwright\u2019s] ability to describe that difficult time so beautifully and skilfully in her play.\u201d<\/p>\n<p>\u201cI did indeed find [the play] meaningful.\u00a0 I&rsquo;m very glad to have experienced the play.\u201d<\/p>\n<p>\u201cWe enjoyed the play very much, thought that it was deeply felt and thought out. It was also well presented. Incidentally, [our friend] nearly used up all the hankies that were provided&#8230;\u201d<\/p>\n","protected":false},"excerpt":{"rendered":"<p>Ce que l&rsquo;on divulgue \u00ab\u00a0Le lecteur prend un malin plaisir \u00e0 voir se tramer le destin de chacun.\u00a0Chose certaine, une fois que survient la chose insoup\u00e7onn\u00e9e, plus rien ne\u00a0sera pareil. \u00bb\u00a0&#8211; Paul Savoie, auteur \u00ab\u00a0J\u2019ai beaucoup aim\u00e9 ton recueil de<\/p>\n","protected":false},"author":1,"featured_media":0,"parent":0,"menu_order":0,"comment_status":"open","ping_status":"closed","template":"","meta":{"footnotes":""},"language":[9],"class_list":["post-22","page","type-page","status-publish","hentry","language-fr_ca"],"_links":{"self":[{"href":"https:\/\/www.ammatte.ca\/index.php?rest_route=\/wp\/v2\/pages\/22","targetHints":{"allow":["GET"]}}],"collection":[{"href":"https:\/\/www.ammatte.ca\/index.php?rest_route=\/wp\/v2\/pages"}],"about":[{"href":"https:\/\/www.ammatte.ca\/index.php?rest_route=\/wp\/v2\/types\/page"}],"author":[{"embeddable":true,"href":"https:\/\/www.ammatte.ca\/index.php?rest_route=\/wp\/v2\/users\/1"}],"replies":[{"embeddable":true,"href":"https:\/\/www.ammatte.ca\/index.php?rest_route=%2Fwp%2Fv2%2Fcomments&post=22"}],"version-history":[{"count":23,"href":"https:\/\/www.ammatte.ca\/index.php?rest_route=\/wp\/v2\/pages\/22\/revisions"}],"predecessor-version":[{"id":1177,"href":"https:\/\/www.ammatte.ca\/index.php?rest_route=\/wp\/v2\/pages\/22\/revisions\/1177"}],"wp:attachment":[{"href":"https:\/\/www.ammatte.ca\/index.php?rest_route=%2Fwp%2Fv2%2Fmedia&parent=22"}],"wp:term":[{"taxonomy":"language","embeddable":true,"href":"https:\/\/www.ammatte.ca\/index.php?rest_route=%2Fwp%2Fv2%2Flanguage&post=22"}],"curies":[{"name":"wp","href":"https:\/\/api.w.org\/{rel}","templated":true}]}}