{"id":2,"date":"2012-01-07T22:37:11","date_gmt":"2012-01-08T03:37:11","guid":{"rendered":"http:\/\/www.ammatte.ca\/?page_id=2"},"modified":"2022-01-15T21:57:53","modified_gmt":"2022-01-16T02:57:53","slug":"apropos","status":"publish","type":"page","link":"https:\/\/www.ammatte.ca\/?page_id=2","title":{"rendered":"\u00c0 propos"},"content":{"rendered":"<p><strong>Depuis le tout d\u00e9but<\/strong><br \/>\nA.M. Matte &#8211; Arianne Maxine pour les intimes &#8211; invente des histoires depuis qu&rsquo;elle sait \u00e9crire et du th\u00e9\u00e2tre depuis qu&rsquo;elle sait parler. Avec son petit fr\u00e8re, elle montait spectacle apr\u00e8s spectacle dans le salon pour ses parents.<\/p>\n<p class=\"p1\">Autrice et dramaturge franco-ontarienne prim\u00e9e de prix provinciaux et nationaux, A.M. Matte a \u00e9t\u00e9 publi\u00e9e pour la premi\u00e8re fois \u00e0 l\u2019\u00e2ge de 11 ans et a \u00e9t\u00e9 produite pour la premi\u00e8re fois \u00e0 l\u2019\u00e2ge de neuf ans. Elle \u00e9crit en fran\u00e7ais et en anglais et est notamment laur\u00e9ate du Concours national de composition Mathieu da Costa, du Prix O\u2019Neill-Karch et s\u2019est m\u00e9rit\u00e9 un \u00e9loge du <i>Commonwealth Essay Competition<\/i>.<\/p>\n<p><strong>Trente ans de carri\u00e8re<\/strong><\/p>\n<p class=\"p1\">Journaliste de formation, la passion d\u2019A.M. Matte demeure le th\u00e9\u00e2tre et la litt\u00e9rature. En plus d\u2019\u00eatre co-fondatrice de Productions Nemesis, troupe de th\u00e9\u00e2tre bilingue ontarienne, elle \u00e9crit et dirige vaste nombre de projets. Plus d\u2019une vingtaine de ses pi\u00e8ces ont \u00e9t\u00e9 mont\u00e9es, \u00e0 Ottawa, \u00e0 Toronto, \u00e0 North Bay, dans la r\u00e9gion du Muskoka en Ontario et \u00e0 Moncton.<\/p>\n<p class=\"p1\">Paroli\u00e8re et compositrice autodidacte, A.M. Matte a, gr\u00e2ce \u00e0 l\u2019appui de logiciels de composition et malgr\u00e9 son handicap auditif, compos\u00e9 deux com\u00e9dies musicales &#8211; l\u2019une mont\u00e9e \u00e0 Ottawa et l\u2019autre \u00e0 Toronto &#8211; et plus d\u2019une douzaine de chansons pop, jazz, country, en fran\u00e7ais et en anglais.<\/p>\n<p class=\"p1\">Form\u00e9e \u00e0 l\u2019Universit\u00e9 de Toronto en cr\u00e9ation litt\u00e9raire, A.M. Matte a publi\u00e9 deux recueils de nouvelles, <i>Where Pigeons Roost and other stories<\/i> et <i>Ce que l&rsquo;on divulgue<\/i>.<span class=\"Apple-converted-space\">\u00a0 <\/span>Vous pouvez \u00e9galement lire les nouvelles d\u2019A.M. Matte dans les revues litt\u00e9raires <i>Virages<\/i> et <i>Ancrages<\/i>, le recueil <i>BREF! <\/i>et dans l\u2019anthologie de science-fiction <i>North of Infinity II<\/i>.<\/p>\n<p><object id=\"vp1Qr7a1\" width=\"432\" height=\"240\" classid=\"clsid:d27cdb6e-ae6d-11cf-96b8-444553540000\"><param name=\"movie\" value=\"http:\/\/static.animoto.com\/swf\/w.swf?w=swf\/vp1&amp;e=1329963453&amp;f=Qr7a1zrH8NB1jkbljiQDiA&amp;d=65&amp;m=p&amp;r=360p+720p&amp;volume=100&amp;start_res=360p&amp;i=m&amp;ct=A.M.%20Matte&amp;cu=www.ammatte.ca&amp;options=\" \/><param name=\"allowFullScreen\" value=\"true\" \/><param name=\"allowscriptaccess\" value=\"always\" \/><embed id=\"vp1Qr7a1\" src=\"http:\/\/static.animoto.com\/swf\/w.swf?w=swf\/vp1&amp;e=1329963453&amp;f=Qr7a1zrH8NB1jkbljiQDiA&amp;d=65&amp;m=p&amp;r=360p+720p&amp;volume=100&amp;start_res=360p&amp;i=m&amp;ct=A.M.%20Matte&amp;cu=www.ammatte.ca&amp;options=\" type=\"application\/x-shockwave-flash\" allowscriptaccess=\"always\" allowfullscreen=\"allowfullscreen\" width=\"432\" height=\"240\" \/><\/object><\/p>\n","protected":false},"excerpt":{"rendered":"<p>Depuis le tout d\u00e9but A.M. Matte &#8211; Arianne Maxine pour les intimes &#8211; invente des histoires depuis qu&rsquo;elle sait \u00e9crire et du th\u00e9\u00e2tre depuis qu&rsquo;elle sait parler. Avec son petit fr\u00e8re, elle montait spectacle apr\u00e8s spectacle dans le salon pour<\/p>\n","protected":false},"author":1,"featured_media":0,"parent":0,"menu_order":0,"comment_status":"open","ping_status":"closed","template":"","meta":{"footnotes":""},"language":[9],"class_list":["post-2","page","type-page","status-publish","hentry","language-fr_ca"],"_links":{"self":[{"href":"https:\/\/www.ammatte.ca\/index.php?rest_route=\/wp\/v2\/pages\/2","targetHints":{"allow":["GET"]}}],"collection":[{"href":"https:\/\/www.ammatte.ca\/index.php?rest_route=\/wp\/v2\/pages"}],"about":[{"href":"https:\/\/www.ammatte.ca\/index.php?rest_route=\/wp\/v2\/types\/page"}],"author":[{"embeddable":true,"href":"https:\/\/www.ammatte.ca\/index.php?rest_route=\/wp\/v2\/users\/1"}],"replies":[{"embeddable":true,"href":"https:\/\/www.ammatte.ca\/index.php?rest_route=%2Fwp%2Fv2%2Fcomments&post=2"}],"version-history":[{"count":18,"href":"https:\/\/www.ammatte.ca\/index.php?rest_route=\/wp\/v2\/pages\/2\/revisions"}],"predecessor-version":[{"id":1226,"href":"https:\/\/www.ammatte.ca\/index.php?rest_route=\/wp\/v2\/pages\/2\/revisions\/1226"}],"wp:attachment":[{"href":"https:\/\/www.ammatte.ca\/index.php?rest_route=%2Fwp%2Fv2%2Fmedia&parent=2"}],"wp:term":[{"taxonomy":"language","embeddable":true,"href":"https:\/\/www.ammatte.ca\/index.php?rest_route=%2Fwp%2Fv2%2Flanguage&post=2"}],"curies":[{"name":"wp","href":"https:\/\/api.w.org\/{rel}","templated":true}]}}