{"id":17,"date":"2012-01-08T09:59:54","date_gmt":"2012-01-08T14:59:54","guid":{"rendered":"http:\/\/www.ammatte.ca\/?page_id=17"},"modified":"2012-08-03T07:21:02","modified_gmt":"2012-08-03T11:21:02","slug":"pieces-de-theatre-plays","status":"publish","type":"page","link":"https:\/\/www.ammatte.ca\/?page_id=17","title":{"rendered":"Pi\u00e8ces de th\u00e9\u00e2tre"},"content":{"rendered":"<p><strong>R\u00e9alisations th\u00e9\u00e2trales<\/strong><\/p>\n<p>En plus d\u2019\u00e9crire des nouvelles et des romans, A.M. Matte s&rsquo;int\u00e9resse \u00e0 l\u2019\u00e9criture pour le th\u00e9\u00e2tre. Elle est co-fondatrice de <a href=\"http:\/\/www.productionsnemesis.org\" target=\"_blank\">Productions Nemesis<\/a> et elle \u00e9crit, dirige et r\u00e9alise toutes sortes de projets. Ses mises en sc\u00e8ne et r\u00e9alisations ant\u00e9rieures ont \u00e9t\u00e9 de vifs succ\u00e8s; soulignons en particulier la premi\u00e8re mondiale de Fantastic Reality, pour laquelle elle a obtenu le prix de meilleure mise en sc\u00e8ne en 1999, Slipping Mind, pi\u00e8ce jou\u00e9e devant deux salles combles au Centre National des Arts en janvier 2004, et Les fourberies de Moli\u00e8re ou Le Moli\u00e8re imaginaire, qui a re\u00e7u un prix du public au Festival Fringe d&rsquo;Ottawa en 2004 et qui fut mont\u00e9e dans la grande r\u00e9gion de Toronto \u00e0 l&rsquo;automne 2008. Elle a remport\u00e9 le Prix O&rsquo;Neill-Karch pour Les murs ont des yeux.<\/p>\n<p><em>Productions Nemesis a mont\u00e9 une dizaine des pi\u00e8ces d&rsquo;A.M. Matte:<\/em><br \/>\n<object id=\"vp1kTmdn\" width=\"432\" height=\"240\" classid=\"clsid:d27cdb6e-ae6d-11cf-96b8-444553540000\" codebase=\"http:\/\/download.macromedia.com\/pub\/shockwave\/cabs\/flash\/swflash.cab#version=6,0,40,0\"><param name=\"allowFullScreen\" value=\"true\" \/><param name=\"allowscriptaccess\" value=\"always\" \/><param name=\"src\" value=\"http:\/\/static.animoto.com\/swf\/w.swf?w=swf\/vp1&amp;e=1328845034&amp;f=kTmdnAHYIPfwYHBsDoBc8g&amp;d=299&amp;m=p&amp;r=240p+480p&amp;volume=100&amp;start_res=480p&amp;i=m&amp;ct=Productions%20Nemesis&amp;cu=http:\/\/www.ProductionsNemesis.org&amp;options=\" \/><param name=\"allowfullscreen\" value=\"true\" \/><embed id=\"vp1kTmdn\" width=\"432\" height=\"240\" type=\"application\/x-shockwave-flash\" src=\"http:\/\/static.animoto.com\/swf\/w.swf?w=swf\/vp1&amp;e=1328845034&amp;f=kTmdnAHYIPfwYHBsDoBc8g&amp;d=299&amp;m=p&amp;r=240p+480p&amp;volume=100&amp;start_res=480p&amp;i=m&amp;ct=Productions%20Nemesis&amp;cu=http:\/\/www.ProductionsNemesis.org&amp;options=\" allowFullScreen=\"true\" allowscriptaccess=\"always\" allowfullscreen=\"true\" \/><\/object><br \/>\n<em><\/em><\/p>\n<p><strong>Pi\u00e8ces de th\u00e9\u00e2tre<\/strong><\/p>\n<p><em>Meurtre litt\u00e9raire : <a href=\"http:\/\/www.lemetropolitain.com\/nouvelles.asp?jID=1&amp;nID=15839\" target=\"_blank\">Composez l&rsquo;\u00e9toile pour \u00eatre la vedette<\/a><\/em><\/p>\n<p>L&rsquo;auditoire est appel\u00e9 \u00e0 \u00e9lucider le meurtre myst\u00e9rieux de la biblioth\u00e9caire. Afin de ne rien manquer et de d\u00e9chiffrer tous les indices, il faut s&rsquo;assurer d&rsquo;apporter ses gadgets dernier-cri, surtout son t\u00e9l\u00e9phone mobile, qu&rsquo;il ne faut PAS \u00e9teindre lors de cette activit\u00e9 th\u00e9\u00e2trale interactive.<\/p>\n<p><em>Communicata 2010<\/em><\/p>\n<p>Une cr\u00e9ation d&rsquo;un collectif d&rsquo;auteurs, <em>Communicata 2010 <\/em>se veut\u00a0un regard humoristique sur la question des registres et des accents du fran\u00e7ais. <em><a href=\"http:\/\/lesindisciplinesdetoronto.ca\/nos-spectacles-2\/communicata-2010\/\">Communicata 2010<\/a><\/em>, mont\u00e9e par les Indisciplin\u00e9s de Toronto,\u00a0a remport\u00e9 le\u00a0Prix de reconnaissance communautaire de Th\u00e9\u00e2tre Action.<\/p>\n<p><em>Les murs ont des yeux<\/em><\/p>\n<p>Elle prend soin de sa maisonn\u00e9e, s&rsquo;assurant de ne jamais r\u00e9v\u00e9ler son d\u00e9sespoir. Lui passe son temps devant sa nouvelle t\u00e9l\u00e9vision grand \u00e9cran, bi\u00e8re en main, mine de rien. Les petits &#8211; qui sont grands depuis un bon bout de temps &#8211; n&rsquo;habitent plus \u00e0 la maison.<\/p>\n<p>Les intimes d&rsquo;une famille nucl\u00e9aire sont t\u00e9moins de drames domestiques et d\u00e9cident d&rsquo;intervenir.<\/p>\n<p><em>Gates&rsquo; Heaven<\/em><\/p>\n<p>Une diva et une ing\u00e9nue se disputent pour le titre de chanteuse vedette d\u2019un lounge de jazz \u2013 une pi\u00e8ce de th\u00e9\u00e2tre musical qui met en sc\u00e8ne des rivales dont tout s\u00e9pare sauf un secret.<\/p>\n<p><em>Les fourberies de Moli\u00e8re ou Le Moli\u00e8re imaginaire<\/em><\/p>\n<p>Une femme a horreur du mariage. Un m\u00e9decin est d\u00e9prim\u00e9 parce qu&rsquo;il n&rsquo;a personne \u00e0 soigner. Des soeurs jumelles convoitent le m\u00eame homme. Hommage aux com\u00e9dies de Moli\u00e8re, Les fourberies de Moli\u00e8re ou Le Moli\u00e8re imaginaire combine un style d&rsquo;humour et des personnages farfelus fid\u00e8les \u00e0 la mani\u00e8re de l&rsquo;imbattable Moli\u00e8re.<\/p>\n<p><em>La Reine a cass\u00e9 sa pipe<\/em><\/p>\n<p>Dans une antichambre c\u00e9leste, des st\u00e9r\u00e9otypes f\u00e9minins arch\u00e9typaux rencontrent leur souveraine qui s&rsquo;appr\u00eate \u00e0 mourir. Femme d&rsquo;affaires, Adolescente, Lesbienne, Femme au foyer, Traditionnelle &#8211; laquelle deviendra la Reine de toutes les femmes?<\/p>\n<p>Cette pi\u00e8ce musicale explore les diverses facettes de la gente f\u00e9minine et demande : Qu&rsquo;est-ce que c&rsquo;est d&rsquo;\u00eatre femme?<\/p>\n<p><em>Slipping Mind<\/em><\/p>\n<p>Une pi\u00e8ce solo racontant l\u2019histoire d\u2019une famille dont la matriarche souffre de la maladie d\u2019Alzheimer. Un hommage \u00e0 la grand-m\u00e8re de l\u2019auteure. Lire un article (en anglais) au sujet de<em> Slipping Mind<\/em> <a href=\"http:\/\/www.cottagecountrynow.ca\/article\/367757--play-explores-the-struggles-of-dealing-with-alzheimer-s\" target=\"_blank\">ici<\/a>.<\/p>\n<p><em>Intol\u00e9rance au velours<\/em><\/p>\n<p>Une histoire d&rsquo;amour, de chagrin et de triomphe dans cette \u00e8re d&rsquo;informatique, d&rsquo;interculturalisme et de mondialisation.<\/p>\n<p>Un regard sur deux relations amoureuses transcendant la distance et les diff\u00e9rences culturelles et communicatives.<\/p>\n<p>Une exploration d&rsquo;un autre bilinguisme, celle entre les entendants et les malentendants.<\/p>\n<p><em>Peau des ongles<\/em><\/p>\n<p>Peau des ongles illustre de fa\u00e7on radicale l&rsquo;\u00e9volution de personnages troubl\u00e9s et troublants qui se repoussent entre eux ainsi cr\u00e9ant un environnement trop souvent d\u00e9pourvu de communication. C&rsquo;est ainsi que se d\u00e9roule l&rsquo;existence quotidienne des Ledoux-Thurseau, dont la cadette partage \u00e0 pr\u00e9sent les \u00e9v\u00e9nements pass\u00e9s qui ont men\u00e9 \u00e0 l&rsquo;incident coupable du bouleversement de sa vie. Le tout est racont\u00e9 tant\u00f4t s\u00e9rieusement, tant\u00f4t avec humour, afin de cr\u00e9er un \u00e9quilibre \u00e9motif raisonnable et accessible \u00e0 un public diversifi\u00e9.<\/p>\n<p><em>First Cool of Summer<\/em><\/p>\n<p>Histoires d\u2019amour parall\u00e8les \u2013 un couple dans la vingtaine et un couple d\u2019octag\u00e9naires se rencontrent dans un parc. Au fil des saisons, leurs relations \u00e9voluent. Reconna\u00eetre que l\u2019amour est sans \u00e2ge; une \u00e9tude de la nature humaine, peu importe la g\u00e9n\u00e9ration.<\/p>\n<p><em>Conversations<\/em><\/p>\n<p>Conversations est une \u0153uvre paradoxale divis\u00e9e en trois volets. Cette pi\u00e8ce juxtapose des personnages qui discutent de divers th\u00e8mes, s\u2019inspirant de conversations actuelles qu\u2019a eues l\u2019auteur, explorant les politiques sexuelles et romantiques des jeunes femmes &#8211; et hommes &#8211; d\u2019aujourd\u2019hui<\/p>\n<p><em>Unanimously Anonymous<\/em><\/p>\n<p>Pauline tente de monter une pi\u00e8ce qui cherche \u00e0 explorer \u00ab rien \u00bb &#8211; mais ses condisciples le lui en emp\u00eachent, menant \u00e0 de dr\u00f4les de situations.<\/p>\n<p><em>Fantastic Reality<\/em><\/p>\n<p>Un portrait d&rsquo;une famille qui a des opinions divergeantes sur la vie et l&rsquo;amour. L&rsquo;adolescente Dilys, peu satisfaite de sa vie et ayant l&rsquo;ambition d&rsquo;\u00eatre en amour parfait, trouve la s\u00e9r\u00e9nit\u00e9 dans le monde qu&rsquo;elle se cr\u00e9e avec sa plume. Dans son cahier, Dilys tente de d\u00e9finir l&rsquo;amour, pour ensuite le vivre. Sa qu\u00eate l&#8217;emm\u00e8ne au bord de la fronti\u00e8re entre la r\u00e9alit\u00e9 et la fantaisie.<\/p>\n<p><em>A Child&rsquo;s View of Shakespeare<\/em><\/p>\n<p>Pi\u00e8ce rendant hommage aux com\u00e9dies et aux th\u00e8mes de Shakespeare, mais o\u00f9 Juliette n\u2019est pas amoureuse de Rom\u00e9o et une pharaonne se lasse de ses pr\u00e9tendants. Du Shakespeare qui mijote dans la marmite des sorci\u00e8res de Macbeth et qui en ressort d\u00e9licieusement farfelu.<\/p>\n<p>&nbsp;<\/p>\n<p><strong>Pi\u00e8ces pour enfants<\/strong><\/p>\n<p><em>Des fous et des femmes<\/em><\/p>\n<p><em>Colour Me Mythed or The Myth of Many Colours<\/em><\/p>\n<p><em>Jeux d\u2019enfant<\/em><\/p>\n","protected":false},"excerpt":{"rendered":"<p>R\u00e9alisations th\u00e9\u00e2trales En plus d\u2019\u00e9crire des nouvelles et des romans, A.M. Matte s&rsquo;int\u00e9resse \u00e0 l\u2019\u00e9criture pour le th\u00e9\u00e2tre. Elle est co-fondatrice de Productions Nemesis et elle \u00e9crit, dirige et r\u00e9alise toutes sortes de projets. Ses mises en sc\u00e8ne et r\u00e9alisations<\/p>\n","protected":false},"author":1,"featured_media":0,"parent":0,"menu_order":0,"comment_status":"open","ping_status":"closed","template":"","meta":{"footnotes":""},"language":[9],"class_list":["post-17","page","type-page","status-publish","hentry","language-fr_ca"],"_links":{"self":[{"href":"https:\/\/www.ammatte.ca\/index.php?rest_route=\/wp\/v2\/pages\/17","targetHints":{"allow":["GET"]}}],"collection":[{"href":"https:\/\/www.ammatte.ca\/index.php?rest_route=\/wp\/v2\/pages"}],"about":[{"href":"https:\/\/www.ammatte.ca\/index.php?rest_route=\/wp\/v2\/types\/page"}],"author":[{"embeddable":true,"href":"https:\/\/www.ammatte.ca\/index.php?rest_route=\/wp\/v2\/users\/1"}],"replies":[{"embeddable":true,"href":"https:\/\/www.ammatte.ca\/index.php?rest_route=%2Fwp%2Fv2%2Fcomments&post=17"}],"version-history":[{"count":15,"href":"https:\/\/www.ammatte.ca\/index.php?rest_route=\/wp\/v2\/pages\/17\/revisions"}],"predecessor-version":[{"id":993,"href":"https:\/\/www.ammatte.ca\/index.php?rest_route=\/wp\/v2\/pages\/17\/revisions\/993"}],"wp:attachment":[{"href":"https:\/\/www.ammatte.ca\/index.php?rest_route=%2Fwp%2Fv2%2Fmedia&parent=17"}],"wp:term":[{"taxonomy":"language","embeddable":true,"href":"https:\/\/www.ammatte.ca\/index.php?rest_route=%2Fwp%2Fv2%2Flanguage&post=17"}],"curies":[{"name":"wp","href":"https:\/\/api.w.org\/{rel}","templated":true}]}}