{"id":1235,"date":"2022-05-20T22:16:55","date_gmt":"2022-05-21T02:16:55","guid":{"rendered":"https:\/\/www.ammatte.ca\/?page_id=1235"},"modified":"2022-06-09T19:53:41","modified_gmt":"2022-06-09T23:53:41","slug":"ateliers-decriture","status":"publish","type":"page","link":"https:\/\/www.ammatte.ca\/?page_id=1235","title":{"rendered":"Ateliers d&rsquo;\u00e9criture"},"content":{"rendered":"\n<p class=\"has-text-color\" style=\"color:#0f5507\"><strong>\u00ab\u00a0C\u2019est moi qui vous remercie pour votre visite et ce bel atelier que vous nous avez offert.\u00a0J\u2019ai vu de beaux auteurs \u00e9mergents durant votre animation. Je crois que ceci est le coup d\u2019envoi pour de belles productions dans ma classe.\u00a0\u00bb -Mme Aline, enseignante 2e ann\u00e9e, CS MonAvenir\u00a0<\/strong><\/p>\n\n\n\n<p><em>Pour commander un atelier ou des ateliers d&rsquo;\u00e9criture dirig\u00e9s par A.M. Matte, ou pour des renseignements suppl\u00e9mentaires, <a href=\"https:\/\/forms.gle\/uDibK7U1254yjwyB9\" target=\"_blank\" rel=\"noreferrer noopener\">compl\u00e9tez ce formulaire<\/a>.<\/em><\/p>\n\n\n\n<p>Des ateliers de cr\u00e9ation collective &#8212; sur la po\u00e9sie, le th\u00e9\u00e2tre, le conte ou le r\u00e9cit &#8212; permettent aux groupes-classe de jouer avec les mots et inventer des histoires ensemble. Les bases du genre litt\u00e9raire choisi sont pr\u00e9sent\u00e9es, et ensuite, les \u00e9l\u00e8ves sont invit\u00e9s \u00e0 contribuer \u00e0 une \u0153uvre&nbsp;cr\u00e9\u00e9e en classe. Cela donne place \u00e0 des vers sur les voyages dans le temps,&nbsp;tout comme des&nbsp;aventures de hamsters et de dragons sur des plan\u00e8tes lointaines. Le tout d\u00e9pend de l&rsquo;imaginaire des \u00e9l\u00e8ves!<\/p>\n\n\n\n<p>Dur\u00e9e de chaque atelier : 60-75 minutes<\/p>\n\n\n\n<p>Format: en personne ou virtuellement (Zoom, Google Meet, Teams)<\/p>\n\n\n\n<p>Genres litt\u00e9raires des ateliers: po\u00e9sie, conte, r\u00e9cit, th\u00e9\u00e2tre<\/p>\n\n\n\n<p>\u00ab\u00a0Je guide et oriente les cr\u00e9ations, mais leur contenu est dict\u00e9 par les \u00e9l\u00e8ves. Souvent, l&rsquo;engouement est tel que la cr\u00e9ation collective continue apr\u00e8s mon passage. Parfois, le personnel enseignant en profite pour y greffer des \u00e9l\u00e9ments du cours d&rsquo;art visuel et les \u00e9l\u00e8ves illustrent le travail \u00e9crit.\u00a0\u00bb -A.M. Matte<\/p>\n","protected":false},"excerpt":{"rendered":"<p>\u00ab\u00a0C\u2019est moi qui vous remercie pour votre visite et ce bel atelier que vous nous avez offert.\u00a0J\u2019ai vu de beaux auteurs \u00e9mergents durant votre animation. Je crois que ceci est le coup d\u2019envoi pour de belles productions dans ma classe.\u00a0\u00bb<\/p>\n","protected":false},"author":1,"featured_media":0,"parent":0,"menu_order":0,"comment_status":"closed","ping_status":"closed","template":"","meta":{"footnotes":""},"language":[9],"class_list":["post-1235","page","type-page","status-publish","hentry","language-fr_ca"],"_links":{"self":[{"href":"https:\/\/www.ammatte.ca\/index.php?rest_route=\/wp\/v2\/pages\/1235","targetHints":{"allow":["GET"]}}],"collection":[{"href":"https:\/\/www.ammatte.ca\/index.php?rest_route=\/wp\/v2\/pages"}],"about":[{"href":"https:\/\/www.ammatte.ca\/index.php?rest_route=\/wp\/v2\/types\/page"}],"author":[{"embeddable":true,"href":"https:\/\/www.ammatte.ca\/index.php?rest_route=\/wp\/v2\/users\/1"}],"replies":[{"embeddable":true,"href":"https:\/\/www.ammatte.ca\/index.php?rest_route=%2Fwp%2Fv2%2Fcomments&post=1235"}],"version-history":[{"count":5,"href":"https:\/\/www.ammatte.ca\/index.php?rest_route=\/wp\/v2\/pages\/1235\/revisions"}],"predecessor-version":[{"id":1248,"href":"https:\/\/www.ammatte.ca\/index.php?rest_route=\/wp\/v2\/pages\/1235\/revisions\/1248"}],"wp:attachment":[{"href":"https:\/\/www.ammatte.ca\/index.php?rest_route=%2Fwp%2Fv2%2Fmedia&parent=1235"}],"wp:term":[{"taxonomy":"language","embeddable":true,"href":"https:\/\/www.ammatte.ca\/index.php?rest_route=%2Fwp%2Fv2%2Flanguage&post=1235"}],"curies":[{"name":"wp","href":"https:\/\/api.w.org\/{rel}","templated":true}]}}